{"id":106,"date":"2014-06-28T23:26:18","date_gmt":"2014-06-28T21:26:18","guid":{"rendered":"http:\/\/www.grupa-vertigo.com\/?page_id=106"},"modified":"2022-11-16T00:03:58","modified_gmt":"2022-11-15T22:03:58","slug":"o-nama","status":"publish","type":"page","link":"https:\/\/www.grupa-vertigo.com\/?page_id=106","title":{"rendered":"O nama"},"content":{"rendered":"<p>Grupa Vertigo je glazbeni sastav sa vi\u0161e od 20 godina neprekidnog djelovanja I iskustva na raznim pozornicama diljem Hrvatske, ali I \u0161ire (korporativni eventi, svadbene sve\u010danosti, klupski nastupi\u2026).<\/p>\n<p>Vertigo \u010dini \u0161est glazbenika; \u010detiri instrumentalista te \u017eenski I mu\u0161ki vokal koji svojim iskustvom I zaraznom energijom u\u010dine nezaboravnim svaki va\u0161 doga\u0111aj.<\/p>\n<div class=\"mceTemp\">\u00a0<\/div>\n\n\n<figure class=\"wp-block-gallery aligncenter has-nested-images columns-default is-cropped\">\n<figure class=\"wp-block-image size-large\"><img loading=\"lazy\" width=\"1703\" height=\"2560\" data-id=\"661\"  src=\"http:\/\/www.grupa-vertigo.com\/wp-content\/uploads\/2022\/11\/VERTIGO-3_DSC_7238-Edit1651686086835-scaled.jpg\" alt=\"\" class=\"wp-image-661\" srcset=\"https:\/\/www.grupa-vertigo.com\/wp-content\/uploads\/2022\/11\/VERTIGO-3_DSC_7238-Edit1651686086835-scaled.jpg 1703w, https:\/\/www.grupa-vertigo.com\/wp-content\/uploads\/2022\/11\/VERTIGO-3_DSC_7238-Edit1651686086835-200x300.jpg 200w, https:\/\/www.grupa-vertigo.com\/wp-content\/uploads\/2022\/11\/VERTIGO-3_DSC_7238-Edit1651686086835-681x1024.jpg 681w, https:\/\/www.grupa-vertigo.com\/wp-content\/uploads\/2022\/11\/VERTIGO-3_DSC_7238-Edit1651686086835-768x1154.jpg 768w, https:\/\/www.grupa-vertigo.com\/wp-content\/uploads\/2022\/11\/VERTIGO-3_DSC_7238-Edit1651686086835-1022x1536.jpg 1022w, https:\/\/www.grupa-vertigo.com\/wp-content\/uploads\/2022\/11\/VERTIGO-3_DSC_7238-Edit1651686086835-1363x2048.jpg 1363w\" sizes=\"(max-width: 1703px) 100vw, 1703px\" \/><figcaption>Augustina Posavec vokal<\/figcaption><\/figure>\n\n\n\n<figure class=\"wp-block-image size-large\"><img loading=\"lazy\" width=\"1703\" height=\"2560\" data-id=\"660\"  src=\"http:\/\/www.grupa-vertigo.com\/wp-content\/uploads\/2022\/11\/VERTIGO-extras_DSC_73381650547064618-scaled.jpg\" alt=\"\" class=\"wp-image-660\" srcset=\"https:\/\/www.grupa-vertigo.com\/wp-content\/uploads\/2022\/11\/VERTIGO-extras_DSC_73381650547064618-scaled.jpg 1703w, https:\/\/www.grupa-vertigo.com\/wp-content\/uploads\/2022\/11\/VERTIGO-extras_DSC_73381650547064618-200x300.jpg 200w, https:\/\/www.grupa-vertigo.com\/wp-content\/uploads\/2022\/11\/VERTIGO-extras_DSC_73381650547064618-681x1024.jpg 681w, https:\/\/www.grupa-vertigo.com\/wp-content\/uploads\/2022\/11\/VERTIGO-extras_DSC_73381650547064618-768x1154.jpg 768w, https:\/\/www.grupa-vertigo.com\/wp-content\/uploads\/2022\/11\/VERTIGO-extras_DSC_73381650547064618-1022x1536.jpg 1022w, https:\/\/www.grupa-vertigo.com\/wp-content\/uploads\/2022\/11\/VERTIGO-extras_DSC_73381650547064618-1363x2048.jpg 1363w\" sizes=\"(max-width: 1703px) 100vw, 1703px\" \/><figcaption>Borna Ladi\u0107 bubnjevi<\/figcaption><\/figure>\n\n\n\n<figure class=\"wp-block-image size-large\"><img loading=\"lazy\" width=\"1703\" height=\"2560\" data-id=\"659\"  src=\"http:\/\/www.grupa-vertigo.com\/wp-content\/uploads\/2022\/11\/VERTIGO-extras_DSC_74141650547064621-scaled.jpg\" alt=\"\" class=\"wp-image-659\" srcset=\"https:\/\/www.grupa-vertigo.com\/wp-content\/uploads\/2022\/11\/VERTIGO-extras_DSC_74141650547064621-scaled.jpg 1703w, https:\/\/www.grupa-vertigo.com\/wp-content\/uploads\/2022\/11\/VERTIGO-extras_DSC_74141650547064621-200x300.jpg 200w, https:\/\/www.grupa-vertigo.com\/wp-content\/uploads\/2022\/11\/VERTIGO-extras_DSC_74141650547064621-681x1024.jpg 681w, https:\/\/www.grupa-vertigo.com\/wp-content\/uploads\/2022\/11\/VERTIGO-extras_DSC_74141650547064621-768x1154.jpg 768w, https:\/\/www.grupa-vertigo.com\/wp-content\/uploads\/2022\/11\/VERTIGO-extras_DSC_74141650547064621-1022x1536.jpg 1022w, https:\/\/www.grupa-vertigo.com\/wp-content\/uploads\/2022\/11\/VERTIGO-extras_DSC_74141650547064621-1363x2048.jpg 1363w\" sizes=\"(max-width: 1703px) 100vw, 1703px\" \/><figcaption>Dino Stojko gitara<\/figcaption><\/figure>\n\n\n\n<figure class=\"wp-block-image size-large\"><img loading=\"lazy\" width=\"1703\" height=\"2560\" data-id=\"658\"  src=\"http:\/\/www.grupa-vertigo.com\/wp-content\/uploads\/2022\/11\/VERTIGO-extras_DSC_73861650547064620-scaled.jpg\" alt=\"\" class=\"wp-image-658\" srcset=\"https:\/\/www.grupa-vertigo.com\/wp-content\/uploads\/2022\/11\/VERTIGO-extras_DSC_73861650547064620-scaled.jpg 1703w, https:\/\/www.grupa-vertigo.com\/wp-content\/uploads\/2022\/11\/VERTIGO-extras_DSC_73861650547064620-200x300.jpg 200w, https:\/\/www.grupa-vertigo.com\/wp-content\/uploads\/2022\/11\/VERTIGO-extras_DSC_73861650547064620-681x1024.jpg 681w, https:\/\/www.grupa-vertigo.com\/wp-content\/uploads\/2022\/11\/VERTIGO-extras_DSC_73861650547064620-768x1154.jpg 768w, https:\/\/www.grupa-vertigo.com\/wp-content\/uploads\/2022\/11\/VERTIGO-extras_DSC_73861650547064620-1022x1536.jpg 1022w, https:\/\/www.grupa-vertigo.com\/wp-content\/uploads\/2022\/11\/VERTIGO-extras_DSC_73861650547064620-1363x2048.jpg 1363w\" sizes=\"(max-width: 1703px) 100vw, 1703px\" \/><figcaption>Kruno Gagula vokal<\/figcaption><\/figure>\n\n\n\n<figure class=\"wp-block-image size-large\"><img loading=\"lazy\" width=\"1703\" height=\"2560\" data-id=\"657\"  src=\"http:\/\/www.grupa-vertigo.com\/wp-content\/uploads\/2022\/11\/VERTIGO-extras_DSC_73541650547064618-scaled.jpg\" alt=\"\" class=\"wp-image-657\" srcset=\"https:\/\/www.grupa-vertigo.com\/wp-content\/uploads\/2022\/11\/VERTIGO-extras_DSC_73541650547064618-scaled.jpg 1703w, https:\/\/www.grupa-vertigo.com\/wp-content\/uploads\/2022\/11\/VERTIGO-extras_DSC_73541650547064618-200x300.jpg 200w, https:\/\/www.grupa-vertigo.com\/wp-content\/uploads\/2022\/11\/VERTIGO-extras_DSC_73541650547064618-681x1024.jpg 681w, https:\/\/www.grupa-vertigo.com\/wp-content\/uploads\/2022\/11\/VERTIGO-extras_DSC_73541650547064618-768x1154.jpg 768w, https:\/\/www.grupa-vertigo.com\/wp-content\/uploads\/2022\/11\/VERTIGO-extras_DSC_73541650547064618-1022x1536.jpg 1022w, https:\/\/www.grupa-vertigo.com\/wp-content\/uploads\/2022\/11\/VERTIGO-extras_DSC_73541650547064618-1363x2048.jpg 1363w\" sizes=\"(max-width: 1703px) 100vw, 1703px\" \/><figcaption>Petar Ri\u010dko bas gitara<\/figcaption><\/figure>\n\n\n\n<figure class=\"wp-block-image size-large\"><img loading=\"lazy\" width=\"1703\" height=\"2560\" data-id=\"656\"  src=\"http:\/\/www.grupa-vertigo.com\/wp-content\/uploads\/2022\/11\/VERTIGO-extras_DSC_74021650547064621-scaled.jpg\" alt=\"\" class=\"wp-image-656\" srcset=\"https:\/\/www.grupa-vertigo.com\/wp-content\/uploads\/2022\/11\/VERTIGO-extras_DSC_74021650547064621-scaled.jpg 1703w, https:\/\/www.grupa-vertigo.com\/wp-content\/uploads\/2022\/11\/VERTIGO-extras_DSC_74021650547064621-200x300.jpg 200w, https:\/\/www.grupa-vertigo.com\/wp-content\/uploads\/2022\/11\/VERTIGO-extras_DSC_74021650547064621-681x1024.jpg 681w, https:\/\/www.grupa-vertigo.com\/wp-content\/uploads\/2022\/11\/VERTIGO-extras_DSC_74021650547064621-768x1154.jpg 768w, https:\/\/www.grupa-vertigo.com\/wp-content\/uploads\/2022\/11\/VERTIGO-extras_DSC_74021650547064621-1022x1536.jpg 1022w, https:\/\/www.grupa-vertigo.com\/wp-content\/uploads\/2022\/11\/VERTIGO-extras_DSC_74021650547064621-1363x2048.jpg 1363w\" sizes=\"(max-width: 1703px) 100vw, 1703px\" \/><figcaption>Tomislav Leko klavijature<\/figcaption><\/figure>\n<\/figure>\n\n\n\n<p><\/p>\n","protected":false},"excerpt":{"rendered":"<p>Grupa Vertigo je glazbeni sastav sa vi\u0161e od 20 godina neprekidnog djelovanja I iskustva na raznim pozornicama diljem Hrvatske, ali I \u0161ire (korporativni eventi, svadbene sve\u010danosti, klupski nastupi\u2026). Vertigo \u010dini \u0161est glazbenika; \u010detiri instrumentalista te \u017eenski I mu\u0161ki vokal koji svojim iskustvom I zaraznom energijom u\u010dine nezaboravnim svaki va\u0161 doga\u0111aj. \u00a0<\/p>\n","protected":false},"author":1,"featured_media":0,"parent":0,"menu_order":0,"comment_status":"closed","ping_status":"open","template":"","meta":[],"_links":{"self":[{"href":"https:\/\/www.grupa-vertigo.com\/index.php?rest_route=\/wp\/v2\/pages\/106"}],"collection":[{"href":"https:\/\/www.grupa-vertigo.com\/index.php?rest_route=\/wp\/v2\/pages"}],"about":[{"href":"https:\/\/www.grupa-vertigo.com\/index.php?rest_route=\/wp\/v2\/types\/page"}],"author":[{"embeddable":true,"href":"https:\/\/www.grupa-vertigo.com\/index.php?rest_route=\/wp\/v2\/users\/1"}],"replies":[{"embeddable":true,"href":"https:\/\/www.grupa-vertigo.com\/index.php?rest_route=%2Fwp%2Fv2%2Fcomments&post=106"}],"version-history":[{"count":26,"href":"https:\/\/www.grupa-vertigo.com\/index.php?rest_route=\/wp\/v2\/pages\/106\/revisions"}],"predecessor-version":[{"id":664,"href":"https:\/\/www.grupa-vertigo.com\/index.php?rest_route=\/wp\/v2\/pages\/106\/revisions\/664"}],"wp:attachment":[{"href":"https:\/\/www.grupa-vertigo.com\/index.php?rest_route=%2Fwp%2Fv2%2Fmedia&parent=106"}],"curies":[{"name":"wp","href":"https:\/\/api.w.org\/{rel}","templated":true}]}}